{"id":166,"date":"2018-05-01T13:09:54","date_gmt":"2018-05-01T11:09:54","guid":{"rendered":"http:\/\/swissfi4.cyon.link\/?page_id=166"},"modified":"2018-05-02T17:33:46","modified_gmt":"2018-05-02T15:33:46","slug":"adhesion","status":"publish","type":"page","link":"https:\/\/www.swissfilmproducers.ch\/fr\/verband\/adhesion\/","title":{"rendered":"Adhesion"},"content":{"rendered":"<h2 data-lineheight=\"21\" data-fontsize=\"14\">ADHESION<\/h2>\n<p>Selon art. 4 de nos statuts une personne physique ou morale peut \u00eatre admise comme membre, quand elle est domicili\u00e9e en Suisse et r\u00e9alise \u00e0 titre professionel ou en qualit\u00e9 d\u2019entreprise de propres productions, notamment des films de long-m\u00e9trages, decumentaires, exp\u00e9rimentals et des programmes audiovisuels.<\/p>\n<p>La demande d\u2019admission d\u2019un membre doit s\u2019adresser au comit\u00e9 directeur, par \u00e9crit et avec les documents requis. Le comit\u00e9 directeurs octroie un d\u00e9lai d\u2019opposition d\u2019un mois, apr\u00e8s lequel il se prononce sur l\u2019admission.<\/p>\n<p><a href=\"https:\/\/www.swissfilmproducers.ch\/sfp\/wp-content\/uploads\/2018\/05\/demande_d-admission.pdf\" target=\"_blank\" rel=\"noopener\">Demande d&rsquo;admission<\/a><\/p>\n","protected":false},"excerpt":{"rendered":"<p>ADHESION Selon art. 4 de nos statuts une personne physique ou morale peut \u00eatre admise comme membre, quand elle est domicili\u00e9e en Suisse et r\u00e9alise \u00e0 titre professionel ou en qualit\u00e9 d\u2019entreprise de propres productions, notamment des films de long-m\u00e9trages, decumentaires, exp\u00e9rimentals et des programmes audiovisuels. La demande d\u2019admission d\u2019un membre doit s\u2019adresser au comit\u00e9<a class=\"excerpt-read-more\" href=\"https:\/\/www.swissfilmproducers.ch\/fr\/verband\/adhesion\/\" title=\"ReadAdhesion\">&#8230; Read more &raquo;<\/a><\/p>\n","protected":false},"author":3,"featured_media":0,"parent":67,"menu_order":0,"comment_status":"closed","ping_status":"closed","template":"","meta":{"footnotes":""},"acf":[],"_links":{"self":[{"href":"https:\/\/www.swissfilmproducers.ch\/fr\/wp-json\/wp\/v2\/pages\/166"}],"collection":[{"href":"https:\/\/www.swissfilmproducers.ch\/fr\/wp-json\/wp\/v2\/pages"}],"about":[{"href":"https:\/\/www.swissfilmproducers.ch\/fr\/wp-json\/wp\/v2\/types\/page"}],"author":[{"embeddable":true,"href":"https:\/\/www.swissfilmproducers.ch\/fr\/wp-json\/wp\/v2\/users\/3"}],"replies":[{"embeddable":true,"href":"https:\/\/www.swissfilmproducers.ch\/fr\/wp-json\/wp\/v2\/comments?post=166"}],"version-history":[{"count":2,"href":"https:\/\/www.swissfilmproducers.ch\/fr\/wp-json\/wp\/v2\/pages\/166\/revisions"}],"predecessor-version":[{"id":237,"href":"https:\/\/www.swissfilmproducers.ch\/fr\/wp-json\/wp\/v2\/pages\/166\/revisions\/237"}],"up":[{"embeddable":true,"href":"https:\/\/www.swissfilmproducers.ch\/fr\/wp-json\/wp\/v2\/pages\/67"}],"wp:attachment":[{"href":"https:\/\/www.swissfilmproducers.ch\/fr\/wp-json\/wp\/v2\/media?parent=166"}],"curies":[{"name":"wp","href":"https:\/\/api.w.org\/{rel}","templated":true}]}}