{"id":160,"date":"2018-04-25T14:57:20","date_gmt":"2018-04-25T12:57:20","guid":{"rendered":"http:\/\/swissfi4.cyon.link\/impressum\/"},"modified":"2026-01-09T14:29:52","modified_gmt":"2026-01-09T13:29:52","slug":"impressum","status":"publish","type":"page","link":"https:\/\/www.swissfilmproducers.ch\/fr\/impressum\/","title":{"rendered":"Impressum"},"content":{"rendered":"<h2 data-lineheight=\"21\" data-fontsize=\"14\">IMPRESSUM<\/h2>\n<p><strong>Inhalt\/Content:<\/strong><br \/>\nMatthias M\u00fcnger, Sekret\u00e4r SFP, Zinggstrasse 16, 3007 Bern<\/p>\n<p><strong>\u00dcbersetzungen\/Translations:<\/strong><br \/>\nFr\u00e9d\u00e9ric Terrier, Sarah Plant<\/p>\n<p><strong>Gestaltung\/Design:<\/strong><br \/>\nChristoph Stettler\u00a0<a href=\"http:\/\/www.stettlerbros.ch\/\">www.stettlerbros.ch<\/a><\/p>\n<p><strong>Programmierung\/Programming:<\/strong><br \/>\nNo\u00ebl Girstmair <a href=\"http:\/\/webundso.ch\" target=\"_blank\" rel=\"noopener\">webundso GmbH<\/a><\/p>\n<h2 data-lineheight=\"21\" data-fontsize=\"14\">DISCLAIMER<\/h2>\n<p>Die Inhalte dieser Webseite wurden von SFP mit gr\u00f6sstm\u00f6glicher Sorgfalt und nach bestem Gewissen erstellt. SFP \u00fcbernimmt jedoch keine Gew\u00e4hr hinsichtlich der Richtigkeit, Vollst\u00e4ndigkeit und Aktualit\u00e4t der bereitgestellten Informationen. Auch f\u00fcr die Inhalte und Richtigkeit der verlinkten Webseiten \u00fcbernimmt SFP keine Gew\u00e4hr. Die Urheberrechte der Bilder und Filmsequenzen auf dieser Webseite sind bei den jeweiligen Filmproduzenten.<\/p>\n<p>The SFP has developed the contents of this website with the greatest care and in all good faith. The SFP nevertheless does not guarantee that the information provided is accurate, complete, or current; nor does it make these guarantees for the contents and accuracy of the linked websites. The copyrights of images and film sequences on these websites remain with the relevant film producers.<\/p>\n","protected":false},"excerpt":{"rendered":"<p>IMPRESSUM Inhalt\/Content: Matthias M\u00fcnger, Sekret\u00e4r SFP, Zinggstrasse 16, 3007 Bern \u00dcbersetzungen\/Translations: Fr\u00e9d\u00e9ric Terrier, Sarah Plant Gestaltung\/Design: Christoph Stettler\u00a0www.stettlerbros.ch Programmierung\/Programming: No\u00ebl Girstmair webundso GmbH DISCLAIMER Die Inhalte dieser Webseite wurden von SFP mit gr\u00f6sstm\u00f6glicher Sorgfalt und nach bestem Gewissen erstellt. SFP \u00fcbernimmt jedoch keine Gew\u00e4hr hinsichtlich der Richtigkeit, Vollst\u00e4ndigkeit und Aktualit\u00e4t der bereitgestellten Informationen. Auch f\u00fcr<a class=\"excerpt-read-more\" href=\"https:\/\/www.swissfilmproducers.ch\/fr\/impressum\/\" title=\"ReadImpressum\">&#8230; Read more &raquo;<\/a><\/p>\n","protected":false},"author":1,"featured_media":0,"parent":0,"menu_order":0,"comment_status":"closed","ping_status":"closed","template":"","meta":{"footnotes":""},"acf":[],"_links":{"self":[{"href":"https:\/\/www.swissfilmproducers.ch\/fr\/wp-json\/wp\/v2\/pages\/160"}],"collection":[{"href":"https:\/\/www.swissfilmproducers.ch\/fr\/wp-json\/wp\/v2\/pages"}],"about":[{"href":"https:\/\/www.swissfilmproducers.ch\/fr\/wp-json\/wp\/v2\/types\/page"}],"author":[{"embeddable":true,"href":"https:\/\/www.swissfilmproducers.ch\/fr\/wp-json\/wp\/v2\/users\/1"}],"replies":[{"embeddable":true,"href":"https:\/\/www.swissfilmproducers.ch\/fr\/wp-json\/wp\/v2\/comments?post=160"}],"version-history":[{"count":4,"href":"https:\/\/www.swissfilmproducers.ch\/fr\/wp-json\/wp\/v2\/pages\/160\/revisions"}],"predecessor-version":[{"id":1347,"href":"https:\/\/www.swissfilmproducers.ch\/fr\/wp-json\/wp\/v2\/pages\/160\/revisions\/1347"}],"wp:attachment":[{"href":"https:\/\/www.swissfilmproducers.ch\/fr\/wp-json\/wp\/v2\/media?parent=160"}],"curies":[{"name":"wp","href":"https:\/\/api.w.org\/{rel}","templated":true}]}}